{"id":176,"date":"2022-02-02T22:14:46","date_gmt":"2022-02-02T22:14:46","guid":{"rendered":"https:\/\/organizacion.corape.org.ec\/?page_id=176"},"modified":"2022-02-07T21:08:16","modified_gmt":"2022-02-07T21:08:16","slug":"red-kichwa","status":"publish","type":"page","link":"https:\/\/organizacion.corape.org.ec\/index.php\/red-kichwa\/","title":{"rendered":"RED KICHWA"},"content":{"rendered":"<div class=\"wpb-content-wrapper\"><p>[vc_row][vc_column]<div class=\"ult-spacer spacer-69f3f5984c3cc\" data-id=\"69f3f5984c3cc\" data-height=\"100\" data-height-mobile=\"100\" data-height-tab=\"100\" data-height-tab-portrait=\"\" data-height-mobile-landscape=\"\" style=\"clear:both;display:block;\"><\/div>[\/vc_column][\/vc_row][vc_row][vc_column][vc_row_inner][vc_column_inner width=\u00bb1\/3&#8243;][vc_single_image image=\u00bb621&#8243; img_size=\u00bbfull\u00bb][\/vc_column_inner][vc_column_inner width=\u00bb1\/3&#8243;][vc_single_image image=\u00bb620&#8243; img_size=\u00bbfull\u00bb][\/vc_column_inner][vc_column_inner width=\u00bb1\/3&#8243;][vc_single_image image=\u00bb619&#8243; img_size=\u00bbfull\u00bb][\/vc_column_inner][\/vc_row_inner][vc_column_text]<\/p>\n<div class=\"xs_content_div\">\n<div class=\"xs_content_inner clearfix\">\n<div class=\"container\">\n<div class=\"row\">\n<div class=\"col-sm-12 col-md-12 col-lg-12\">\n<div class=\"xs_contenidos_item_container clearfix\">\n<h3 style=\"text-align: justify;\">Objetivo<\/h3>\n<p style=\"text-align: justify;\">Fortalecer la red kichwa corape, como una herramienta de intercomunicaci\u00f3n de los pueblos kichwas para el fortalecimiento de sus valores, principios y saberes, visibilizando su realidad con un enfoque de g\u00e9nero y generacional<\/p>\n<h3 style=\"text-align: justify;\">Nodo ecuador<\/h3>\n<p style=\"text-align: justify;\">La red kichwa Corape, adem\u00e1s, integra la red kichwa de comunicaci\u00f3n radiof\u00f3nica intercultural de aler para contribuir a la intercomunicaci\u00f3n entre los kichwas y quechuas, y as\u00ed promover la entendibilidad y el di\u00e1logo entre los mismos.<\/p>\n<p style=\"text-align: justify;\">La red kiechwa est\u00e1 conformada por tres nodos de producci\u00f3n en bolivia, ecuador y per\u00fa, esta red busca fortalecer la identidad de los pueblos kichwa y quechua partiendo desde sus potencialidades, para contribuir, mediante acciones comunicacionales, a la recuperaci\u00f3n de sus valores culturales y a la superaci\u00f3n de su situaci\u00f3n de pobreza y exclusi\u00f3n social y pol\u00edtica. Todo ello en la perspectiva de construir una sociedad justa, solidaria, equitativa, democr\u00e1tica y con desarrollo sostenible.<\/p>\n<h3 style=\"text-align: justify;\">Articulaci\u00f3n regional<\/h3>\n<p style=\"text-align: justify;\">Riar \u2013 Ecuador forma parte de la red panamaz\u00f3nica de Aler que tiene como objetivo crear y reforzar la red de radios comunitarias para tener una mayor incidencia en la Amazon\u00eda. Forman parte de la red Per\u00fa,\u00a0Colombia, Ecuador, Bolivia, Brasil y Venezuela.<\/p>\n<\/div>\n<\/div>\n<\/div>\n<\/div>\n<\/div>\n<\/div>\n<div class=\"xs_important3_div clearfix \">\n<div class=\"xs_important3_inner clearfix\">\n<div class=\"container\">\n<div class=\"row\">\n<div class=\"col-sm-12 col-md-12 col-lg-12\">\n<div class=\"xs_section_container\" style=\"text-align: justify;\"><\/div>\n<\/div>\n<\/div>\n<\/div>\n<\/div>\n<\/div>\n<p>[\/vc_column_text][\/vc_column][\/vc_row][vc_row][vc_column][vc_column_text]<\/p>\n<h3 style=\"text-align: center;\">Radios Afiliadas<\/h3>\n<p>[\/vc_column_text]<style type=\"text\/css\" data-type=\"the7_shortcodes-inline-css\">.gallery-carousel-shortcode.gallery-carousel-shortcode-id-06dd47cbcb02e17403464060fc80a7a5.owl-carousel .owl-nav div {\n  width: 36px;\n  height: 36px;\n  border-radius: 500px;\n}\n.dt-arrow-border-on.gallery-carousel-shortcode.gallery-carousel-shortcode-id-06dd47cbcb02e17403464060fc80a7a5.owl-carousel .owl-nav div:not(:hover):before {\n  border-width: 0px;\n}\n.dt-arrow-hover-border-on.gallery-carousel-shortcode.gallery-carousel-shortcode-id-06dd47cbcb02e17403464060fc80a7a5.owl-carousel .owl-nav div:hover:after {\n  border-width: 0px;\n}\n.gallery-carousel-shortcode.gallery-carousel-shortcode-id-06dd47cbcb02e17403464060fc80a7a5.owl-carousel .owl-nav div.owl-prev {\n  top: 50%;\n  transform: translateY(calc(-50% + 0px));\n  left: -43px;\n}\n@media all and (-ms-high-contrast: none) {\n  .gallery-carousel-shortcode.gallery-carousel-shortcode-id-06dd47cbcb02e17403464060fc80a7a5.owl-carousel .owl-nav div.owl-prev {\n    transform: translateY(-50%);\n    margin-top: 0px;\n  }\n}\n.gallery-carousel-shortcode.gallery-carousel-shortcode-id-06dd47cbcb02e17403464060fc80a7a5.owl-carousel .owl-nav div.owl-prev i {\n  padding: 0px 0px 0px 0px;\n}\n.gallery-carousel-shortcode.gallery-carousel-shortcode-id-06dd47cbcb02e17403464060fc80a7a5.owl-carousel .owl-nav div.owl-next {\n  top: 50%;\n  transform: translateY(calc(-50% + 0px));\n  right: -43px;\n}\n@media all and (-ms-high-contrast: none) {\n  .gallery-carousel-shortcode.gallery-carousel-shortcode-id-06dd47cbcb02e17403464060fc80a7a5.owl-carousel .owl-nav div.owl-next {\n    transform: translateY(-50%);\n    margin-top: 0px;\n  }\n}\n.gallery-carousel-shortcode.gallery-carousel-shortcode-id-06dd47cbcb02e17403464060fc80a7a5.owl-carousel .owl-nav div.owl-next i {\n  padding: 0px 0px 0px 0px;\n}\n.gallery-carousel-shortcode.gallery-carousel-shortcode-id-06dd47cbcb02e17403464060fc80a7a5.owl-carousel .owl-nav i {\n  font-size: 18px;\n}\n.gallery-carousel-shortcode.gallery-carousel-shortcode-id-06dd47cbcb02e17403464060fc80a7a5.owl-carousel .owl-nav div:not(:hover) i,\n.gallery-carousel-shortcode.gallery-carousel-shortcode-id-06dd47cbcb02e17403464060fc80a7a5.owl-carousel .owl-nav div:not(:hover) i:before {\n  color: #ffffff;\n  background: none;\n}\n.gallery-carousel-shortcode.gallery-carousel-shortcode-id-06dd47cbcb02e17403464060fc80a7a5.owl-carousel .owl-nav div:hover i,\n.gallery-carousel-shortcode.gallery-carousel-shortcode-id-06dd47cbcb02e17403464060fc80a7a5.owl-carousel .owl-nav div:hover i:before {\n  color: rgba(255,255,255,0.75);\n  background: none;\n}\n.gallery-carousel-shortcode.gallery-carousel-shortcode-id-06dd47cbcb02e17403464060fc80a7a5 .owl-dots {\n  top: calc(100% + 20px);\n  left: 50%;\n  transform: translateX(calc(-50% + 0px));\n}\n@media all and (-ms-high-contrast: none) {\n  .gallery-carousel-shortcode.gallery-carousel-shortcode-id-06dd47cbcb02e17403464060fc80a7a5 .owl-dots {\n    transform: translateX(-50%);\n    margin-left: 0px;\n  }\n}\n.gallery-carousel-shortcode.gallery-carousel-shortcode-id-06dd47cbcb02e17403464060fc80a7a5 .owl-dot {\n  width: 10px;\n  height: 10px;\n  margin: 0 8px;\n}\n@media screen and (max-width: 778px) {\n  .gallery-carousel-shortcode.gallery-carousel-shortcode-id-06dd47cbcb02e17403464060fc80a7a5.hide-arrows .owl-nav a {\n    display: none;\n  }\n}\n@media screen and (max-width: 778px) {\n  .gallery-carousel-shortcode.gallery-carousel-shortcode-id-06dd47cbcb02e17403464060fc80a7a5.reposition-arrows .owl-nav .owl-prev {\n    top: 50%;\n    transform: translateY(calc(-50% + 0px));\n    left: 10px;\n  }\n  .gallery-carousel-shortcode.gallery-carousel-shortcode-id-06dd47cbcb02e17403464060fc80a7a5.reposition-arrows .owl-nav .owl-next {\n    top: 50%;\n    transform: translateY(calc(-50% + 0px));\n    right: 10px;\n  }\n}\n@media screen and (max-width: 778px) and all and (-ms-high-contrast: none) {\n  .gallery-carousel-shortcode.gallery-carousel-shortcode-id-06dd47cbcb02e17403464060fc80a7a5.reposition-arrows .owl-nav .owl-prev {\n    transform: translateY(-50%);\n    margin-top: 0px;\n  }\n}\n@media screen and (max-width: 778px) and all and (-ms-high-contrast: none) {\n  .gallery-carousel-shortcode.gallery-carousel-shortcode-id-06dd47cbcb02e17403464060fc80a7a5.reposition-arrows .owl-nav .owl-next {\n    transform: translateY(-50%);\n    margin-top: 0px;\n  }\n}\n.gallery-carousel-shortcode.gallery-carousel-shortcode-id-06dd47cbcb02e17403464060fc80a7a5 figure,\n.gallery-carousel-shortcode.gallery-carousel-shortcode-id-06dd47cbcb02e17403464060fc80a7a5 .rollover,\n.gallery-carousel-shortcode.gallery-carousel-shortcode-id-06dd47cbcb02e17403464060fc80a7a5 img,\n.gallery-carousel-shortcode.gallery-carousel-shortcode-id-06dd47cbcb02e17403464060fc80a7a5 .gallery-rollover {\n  border-radius: 0px;\n}\n.gallery-carousel-shortcode.gallery-carousel-shortcode-id-06dd47cbcb02e17403464060fc80a7a5.enable-bg-rollover .gallery-rollover {\n  background: -webkit-linear-gradient();\n  background: linear-gradient();\n}\n.gallery-carousel-shortcode.gallery-carousel-shortcode-id-06dd47cbcb02e17403464060fc80a7a5.enable-img-shadow .owl-stage-outer {\n  padding: 14px 0;\n}\n.gallery-carousel-shortcode.gallery-carousel-shortcode-id-06dd47cbcb02e17403464060fc80a7a5.enable-bg-rollover.hover-scale figure .rollover:after {\n  background: -webkit-linear-gradient();\n  background: linear-gradient();\n}\n.gallery-carousel-shortcode.gallery-carousel-shortcode-id-06dd47cbcb02e17403464060fc80a7a5.gallery-shortcode .gallery-zoom-ico {\n  width: 44px;\n  height: 44px;\n  line-height: 44px;\n  border-radius: 100px;\n  margin: -22px 0 0 -22px;\n  border-width: 0px;\n}\n.dt-icon-bg-on.gallery-carousel-shortcode.gallery-carousel-shortcode-id-06dd47cbcb02e17403464060fc80a7a5.gallery-shortcode .gallery-zoom-ico {\n  background: rgba(255,255,255,0.3);\n  box-shadow: none;\n}\n.gallery-carousel-shortcode.gallery-carousel-shortcode-id-06dd47cbcb02e17403464060fc80a7a5.gallery-shortcode .gallery-zoom-ico:before,\n.gallery-carousel-shortcode.gallery-carousel-shortcode-id-06dd47cbcb02e17403464060fc80a7a5.gallery-shortcode .gallery-zoom-ico span {\n  font-size: 32px;\n  line-height: 44px;\n  color: #ffffff;\n  background: none;\n}\n<\/style><div class=\"owl-carousel gallery-carousel-shortcode gallery-shortcode  dt-gallery-container dt-owl-carousel-call gallery-carousel-shortcode-id-06dd47cbcb02e17403464060fc80a7a5 enable-bg-rollover meta-info-off dt-arrow-border-on dt-arrow-hover-border-on bullets-small-dot-stroke reposition-arrows dt-icon-bg-off arrows-bg-on disable-arrows-hover-bg arrows-hover-bg-on  hover-fade \" data-scroll-mode=\"1\" data-col-num=\"5\" data-wide-col-num=\"5\" data-laptop-col=\"5\" data-h-tablet-columns-num=\"4\" data-v-tablet-columns-num=\"3\" data-phone-columns-num=\"1\" data-col-gap=\"10\" data-stage-padding=\"0\" data-speed=\"600\" data-autoplay=\"true\" data-autoplay_speed=\"3000\" data-arrows=\"false\" data-bullet=\"false\" data-next-icon=\"icon-ar-017-r\" data-prev-icon=\"icon-ar-017-l\" data-img-shadow-size=\"12px\" data-img-shadow-spread=\"3px\"><div data-post-id=\"156\" data-date=\"2022-02-02T21:06:47+00:00\" data-name=\"radios4-01\"><figure class=\"post\"><a href=\"https:\/\/organizacion.corape.org.ec\/wp-content\/uploads\/2022\/02\/radios4-01.jpg\" class=\"rollover dt-pswp-item layzr-bg\" data-large_image_width=\"391\" data-large_image_height=\"334\" data-dt-img-description=\"\" title=\"radios4-01\"><img fetchpriority=\"high\" decoding=\"async\" class=\"preload-me owl-lazy-load aspect\" src=\"data:image\/svg+xml,%3Csvg%20xmlns%3D&#39;http%3A%2F%2Fwww.w3.org%2F2000%2Fsvg&#39;%20viewBox%3D&#39;0%200%20391%20334&#39;%2F%3E\" data-src=\"https:\/\/organizacion.corape.org.ec\/wp-content\/uploads\/2022\/02\/radios4-01.jpg\" data-srcset=\"https:\/\/organizacion.corape.org.ec\/wp-content\/uploads\/2022\/02\/radios4-01.jpg 391w\" loading=\"eager\" style=\"--ratio: 391 \/ 334\" sizes=\"(max-width: 391px) 100vw, 391px\" alt=\"\" width=\"391\" height=\"334\"  \/><span class=\"gallery-rollover\"><\/span><\/a><\/figure><\/div><div data-post-id=\"158\" data-date=\"2022-02-02T21:06:51+00:00\" data-name=\"radios4-02\"><figure class=\"post\"><a href=\"https:\/\/organizacion.corape.org.ec\/wp-content\/uploads\/2022\/02\/radios4-02.jpg\" class=\"rollover dt-pswp-item layzr-bg\" data-large_image_width=\"357\" data-large_image_height=\"334\" data-dt-img-description=\"\" title=\"radios4-02\"><img decoding=\"async\" class=\"preload-me owl-lazy-load aspect\" src=\"data:image\/svg+xml,%3Csvg%20xmlns%3D&#39;http%3A%2F%2Fwww.w3.org%2F2000%2Fsvg&#39;%20viewBox%3D&#39;0%200%20357%20334&#39;%2F%3E\" data-src=\"https:\/\/organizacion.corape.org.ec\/wp-content\/uploads\/2022\/02\/radios4-02.jpg\" data-srcset=\"https:\/\/organizacion.corape.org.ec\/wp-content\/uploads\/2022\/02\/radios4-02.jpg 357w\" loading=\"eager\" style=\"--ratio: 357 \/ 334\" sizes=\"(max-width: 357px) 100vw, 357px\" alt=\"\" width=\"357\" height=\"334\"  \/><span class=\"gallery-rollover\"><\/span><\/a><\/figure><\/div><div data-post-id=\"159\" data-date=\"2022-02-02T21:06:55+00:00\" data-name=\"radios4-03\"><figure class=\"post\"><a href=\"https:\/\/organizacion.corape.org.ec\/wp-content\/uploads\/2022\/02\/radios4-03.jpg\" class=\"rollover dt-pswp-item layzr-bg\" data-large_image_width=\"398\" data-large_image_height=\"334\" data-dt-img-description=\"\" title=\"radios4-03\"><img decoding=\"async\" class=\"preload-me owl-lazy-load aspect\" src=\"data:image\/svg+xml,%3Csvg%20xmlns%3D&#39;http%3A%2F%2Fwww.w3.org%2F2000%2Fsvg&#39;%20viewBox%3D&#39;0%200%20398%20334&#39;%2F%3E\" data-src=\"https:\/\/organizacion.corape.org.ec\/wp-content\/uploads\/2022\/02\/radios4-03.jpg\" data-srcset=\"https:\/\/organizacion.corape.org.ec\/wp-content\/uploads\/2022\/02\/radios4-03.jpg 398w\" loading=\"eager\" style=\"--ratio: 398 \/ 334\" sizes=\"(max-width: 398px) 100vw, 398px\" alt=\"\" width=\"398\" height=\"334\"  \/><span class=\"gallery-rollover\"><\/span><\/a><\/figure><\/div><div data-post-id=\"160\" data-date=\"2022-02-02T21:07:00+00:00\" data-name=\"radios4-04\"><figure class=\"post\"><a href=\"https:\/\/organizacion.corape.org.ec\/wp-content\/uploads\/2022\/02\/radios4-04.jpg\" class=\"rollover dt-pswp-item layzr-bg\" data-large_image_width=\"416\" data-large_image_height=\"334\" data-dt-img-description=\"\" title=\"radios4-04\"><img decoding=\"async\" class=\"preload-me owl-lazy-load aspect\" src=\"data:image\/svg+xml,%3Csvg%20xmlns%3D&#39;http%3A%2F%2Fwww.w3.org%2F2000%2Fsvg&#39;%20viewBox%3D&#39;0%200%20416%20334&#39;%2F%3E\" data-src=\"https:\/\/organizacion.corape.org.ec\/wp-content\/uploads\/2022\/02\/radios4-04.jpg\" data-srcset=\"https:\/\/organizacion.corape.org.ec\/wp-content\/uploads\/2022\/02\/radios4-04.jpg 416w\" loading=\"eager\" style=\"--ratio: 416 \/ 334\" sizes=\"(max-width: 416px) 100vw, 416px\" alt=\"\" width=\"416\" height=\"334\"  \/><span class=\"gallery-rollover\"><\/span><\/a><\/figure><\/div><div data-post-id=\"161\" data-date=\"2022-02-02T21:07:04+00:00\" data-name=\"radios4-05\"><figure class=\"post\"><a href=\"https:\/\/organizacion.corape.org.ec\/wp-content\/uploads\/2022\/02\/radios4-05.jpg\" class=\"rollover dt-pswp-item layzr-bg\" data-large_image_width=\"376\" data-large_image_height=\"334\" data-dt-img-description=\"\" title=\"radios4-05\"><img decoding=\"async\" class=\"preload-me owl-lazy-load aspect\" src=\"data:image\/svg+xml,%3Csvg%20xmlns%3D&#39;http%3A%2F%2Fwww.w3.org%2F2000%2Fsvg&#39;%20viewBox%3D&#39;0%200%20376%20334&#39;%2F%3E\" data-src=\"https:\/\/organizacion.corape.org.ec\/wp-content\/uploads\/2022\/02\/radios4-05.jpg\" data-srcset=\"https:\/\/organizacion.corape.org.ec\/wp-content\/uploads\/2022\/02\/radios4-05.jpg 376w\" loading=\"eager\" style=\"--ratio: 376 \/ 334\" sizes=\"(max-width: 376px) 100vw, 376px\" alt=\"\" width=\"376\" height=\"334\"  \/><span class=\"gallery-rollover\"><\/span><\/a><\/figure><\/div><div data-post-id=\"162\" data-date=\"2022-02-02T21:07:08+00:00\" data-name=\"radios4-06\"><figure class=\"post\"><a href=\"https:\/\/organizacion.corape.org.ec\/wp-content\/uploads\/2022\/02\/radios4-06.jpg\" class=\"rollover dt-pswp-item layzr-bg\" data-large_image_width=\"407\" data-large_image_height=\"329\" data-dt-img-description=\"\" title=\"radios4-06\"><img decoding=\"async\" class=\"preload-me owl-lazy-load aspect\" src=\"data:image\/svg+xml,%3Csvg%20xmlns%3D&#39;http%3A%2F%2Fwww.w3.org%2F2000%2Fsvg&#39;%20viewBox%3D&#39;0%200%20407%20329&#39;%2F%3E\" data-src=\"https:\/\/organizacion.corape.org.ec\/wp-content\/uploads\/2022\/02\/radios4-06.jpg\" data-srcset=\"https:\/\/organizacion.corape.org.ec\/wp-content\/uploads\/2022\/02\/radios4-06.jpg 407w\" loading=\"eager\" style=\"--ratio: 407 \/ 329\" sizes=\"(max-width: 407px) 100vw, 407px\" alt=\"\" width=\"407\" height=\"329\"  \/><span class=\"gallery-rollover\"><\/span><\/a><\/figure><\/div><div data-post-id=\"163\" data-date=\"2022-02-02T21:07:10+00:00\" data-name=\"radios4-07\"><figure class=\"post\"><a href=\"https:\/\/organizacion.corape.org.ec\/wp-content\/uploads\/2022\/02\/radios4-07.jpg\" class=\"rollover dt-pswp-item layzr-bg\" data-large_image_width=\"317\" data-large_image_height=\"329\" data-dt-img-description=\"\" title=\"radios4-07\"><img decoding=\"async\" class=\"preload-me owl-lazy-load aspect\" src=\"data:image\/svg+xml,%3Csvg%20xmlns%3D&#39;http%3A%2F%2Fwww.w3.org%2F2000%2Fsvg&#39;%20viewBox%3D&#39;0%200%20317%20329&#39;%2F%3E\" data-src=\"https:\/\/organizacion.corape.org.ec\/wp-content\/uploads\/2022\/02\/radios4-07.jpg\" data-srcset=\"https:\/\/organizacion.corape.org.ec\/wp-content\/uploads\/2022\/02\/radios4-07.jpg 317w\" loading=\"eager\" style=\"--ratio: 317 \/ 329\" sizes=\"(max-width: 317px) 100vw, 317px\" alt=\"\" width=\"317\" height=\"329\"  \/><span class=\"gallery-rollover\"><\/span><\/a><\/figure><\/div><div data-post-id=\"164\" data-date=\"2022-02-02T21:07:14+00:00\" data-name=\"radios4-08\"><figure class=\"post\"><a href=\"https:\/\/organizacion.corape.org.ec\/wp-content\/uploads\/2022\/02\/radios4-08.jpg\" class=\"rollover dt-pswp-item layzr-bg\" data-large_image_width=\"408\" data-large_image_height=\"329\" data-dt-img-description=\"\" title=\"radios4-08\"><img decoding=\"async\" class=\"preload-me owl-lazy-load aspect\" src=\"data:image\/svg+xml,%3Csvg%20xmlns%3D&#39;http%3A%2F%2Fwww.w3.org%2F2000%2Fsvg&#39;%20viewBox%3D&#39;0%200%20408%20329&#39;%2F%3E\" data-src=\"https:\/\/organizacion.corape.org.ec\/wp-content\/uploads\/2022\/02\/radios4-08.jpg\" data-srcset=\"https:\/\/organizacion.corape.org.ec\/wp-content\/uploads\/2022\/02\/radios4-08.jpg 408w\" loading=\"eager\" style=\"--ratio: 408 \/ 329\" sizes=\"(max-width: 408px) 100vw, 408px\" alt=\"\" width=\"408\" height=\"329\"  \/><span class=\"gallery-rollover\"><\/span><\/a><\/figure><\/div><div data-post-id=\"165\" data-date=\"2022-02-02T21:07:18+00:00\" data-name=\"radios4-09\"><figure class=\"post\"><a href=\"https:\/\/organizacion.corape.org.ec\/wp-content\/uploads\/2022\/02\/radios4-09.jpg\" class=\"rollover dt-pswp-item layzr-bg\" data-large_image_width=\"374\" data-large_image_height=\"329\" data-dt-img-description=\"\" title=\"radios4-09\"><img decoding=\"async\" class=\"preload-me owl-lazy-load aspect\" src=\"data:image\/svg+xml,%3Csvg%20xmlns%3D&#39;http%3A%2F%2Fwww.w3.org%2F2000%2Fsvg&#39;%20viewBox%3D&#39;0%200%20374%20329&#39;%2F%3E\" data-src=\"https:\/\/organizacion.corape.org.ec\/wp-content\/uploads\/2022\/02\/radios4-09.jpg\" data-srcset=\"https:\/\/organizacion.corape.org.ec\/wp-content\/uploads\/2022\/02\/radios4-09.jpg 374w\" loading=\"eager\" style=\"--ratio: 374 \/ 329\" sizes=\"(max-width: 374px) 100vw, 374px\" alt=\"\" width=\"374\" height=\"329\"  \/><span class=\"gallery-rollover\"><\/span><\/a><\/figure><\/div><div data-post-id=\"166\" data-date=\"2022-02-02T21:07:22+00:00\" data-name=\"radios4-10\"><figure class=\"post\"><a href=\"https:\/\/organizacion.corape.org.ec\/wp-content\/uploads\/2022\/02\/radios4-10.jpg\" class=\"rollover dt-pswp-item layzr-bg\" data-large_image_width=\"464\" data-large_image_height=\"329\" data-dt-img-description=\"\" title=\"radios4-10\"><img decoding=\"async\" class=\"preload-me owl-lazy-load aspect\" src=\"data:image\/svg+xml,%3Csvg%20xmlns%3D&#39;http%3A%2F%2Fwww.w3.org%2F2000%2Fsvg&#39;%20viewBox%3D&#39;0%200%20464%20329&#39;%2F%3E\" data-src=\"https:\/\/organizacion.corape.org.ec\/wp-content\/uploads\/2022\/02\/radios4-10.jpg\" data-srcset=\"https:\/\/organizacion.corape.org.ec\/wp-content\/uploads\/2022\/02\/radios4-10.jpg 464w\" loading=\"eager\" style=\"--ratio: 464 \/ 329\" sizes=\"(max-width: 464px) 100vw, 464px\" alt=\"\" width=\"464\" height=\"329\"  \/><span class=\"gallery-rollover\"><\/span><\/a><\/figure><\/div><\/div><div class=\"ult-spacer spacer-69f3f5984f681\" data-id=\"69f3f5984f681\" data-height=\"100\" data-height-mobile=\"100\" data-height-tab=\"100\" data-height-tab-portrait=\"\" data-height-mobile-landscape=\"\" style=\"clear:both;display:block;\"><\/div>[\/vc_column][\/vc_row]<\/p>\n<\/div>","protected":false},"excerpt":{"rendered":"<p>[vc_row][vc_column][\/vc_column][\/vc_row][vc_row][vc_column][vc_row_inner][vc_column_inner width=\u00bb1\/3&#8243;][vc_single_image image=\u00bb621&#8243; img_size=\u00bbfull\u00bb][\/vc_column_inner][vc_column_inner width=\u00bb1\/3&#8243;][vc_single_image image=\u00bb620&#8243; img_size=\u00bbfull\u00bb][\/vc_column_inner][vc_column_inner width=\u00bb1\/3&#8243;][vc_single_image image=\u00bb619&#8243; img_size=\u00bbfull\u00bb][\/vc_column_inner][\/vc_row_inner][vc_column_text] Objetivo Fortalecer la red kichwa corape, como una herramienta de intercomunicaci\u00f3n de los pueblos kichwas para el fortalecimiento de sus valores, principios y saberes, visibilizando su realidad con un enfoque de g\u00e9nero y generacional Nodo ecuador La red kichwa Corape, adem\u00e1s, integra la red kichwa&hellip;<\/p>\n","protected":false},"author":1,"featured_media":0,"parent":0,"menu_order":0,"comment_status":"closed","ping_status":"closed","template":"","meta":{"footnotes":""},"class_list":["post-176","page","type-page","status-publish","hentry","description-off"],"_links":{"self":[{"href":"https:\/\/organizacion.corape.org.ec\/index.php\/wp-json\/wp\/v2\/pages\/176","targetHints":{"allow":["GET"]}}],"collection":[{"href":"https:\/\/organizacion.corape.org.ec\/index.php\/wp-json\/wp\/v2\/pages"}],"about":[{"href":"https:\/\/organizacion.corape.org.ec\/index.php\/wp-json\/wp\/v2\/types\/page"}],"author":[{"embeddable":true,"href":"https:\/\/organizacion.corape.org.ec\/index.php\/wp-json\/wp\/v2\/users\/1"}],"replies":[{"embeddable":true,"href":"https:\/\/organizacion.corape.org.ec\/index.php\/wp-json\/wp\/v2\/comments?post=176"}],"version-history":[{"count":3,"href":"https:\/\/organizacion.corape.org.ec\/index.php\/wp-json\/wp\/v2\/pages\/176\/revisions"}],"predecessor-version":[{"id":623,"href":"https:\/\/organizacion.corape.org.ec\/index.php\/wp-json\/wp\/v2\/pages\/176\/revisions\/623"}],"wp:attachment":[{"href":"https:\/\/organizacion.corape.org.ec\/index.php\/wp-json\/wp\/v2\/media?parent=176"}],"curies":[{"name":"wp","href":"https:\/\/api.w.org\/{rel}","templated":true}]}}